{"id":61,"date":"2023-10-30T14:51:04","date_gmt":"2023-10-30T13:51:04","guid":{"rendered":"https:\/\/lafermedespetiots.com\/?page_id=61"},"modified":"2023-11-07T16:28:23","modified_gmt":"2023-11-07T15:28:23","slug":"qui-sommes-nous","status":"publish","type":"page","link":"https:\/\/lafermedespetiots.com\/index.php\/qui-sommes-nous\/","title":{"rendered":"Qui sommes nous?"},"content":{"rendered":"\n<p style=\"text-transform:none\">Nous sommes une entreprise familiale de trois personnes, deux associ\u00e9s Yvette et Julien et Gr\u00e9gory, en cours d&#8217;installation. Gr\u00e9gory et Julien sont fr\u00e8res, les fils d&#8217;Yvette.<\/p>\n\n\n\n<h2 class=\"wp-block-heading\">Julien<\/h2>\n\n\n\n<figure class=\"wp-block-image alignleft size-large is-resized\"><img fetchpriority=\"high\" decoding=\"async\" width=\"768\" height=\"1024\" src=\"https:\/\/lafermedespetiots.com\/wp-content\/uploads\/2023\/10\/IMG_2059-768x1024.jpg\" alt=\"\" class=\"wp-image-91\" style=\"aspect-ratio:0.75;width:482px;height:auto\" srcset=\"https:\/\/lafermedespetiots.com\/wp-content\/uploads\/2023\/10\/IMG_2059-768x1024.jpg 768w, https:\/\/lafermedespetiots.com\/wp-content\/uploads\/2023\/10\/IMG_2059-scaled-600x800.jpg 600w, https:\/\/lafermedespetiots.com\/wp-content\/uploads\/2023\/10\/IMG_2059-225x300.jpg 225w, https:\/\/lafermedespetiots.com\/wp-content\/uploads\/2023\/10\/IMG_2059-1152x1536.jpg 1152w, https:\/\/lafermedespetiots.com\/wp-content\/uploads\/2023\/10\/IMG_2059-1536x2048.jpg 1536w, https:\/\/lafermedespetiots.com\/wp-content\/uploads\/2023\/10\/IMG_2059-scaled.jpg 1920w\" sizes=\"(max-width: 768px) 100vw, 768px\" \/><figcaption class=\"wp-element-caption\"><mark style=\"background-color:#830606\" class=\"has-inline-color has-primary-color\">Julien et Paisible<\/mark><\/figcaption><\/figure>\n\n\n\n<p style=\"text-transform:none\">Julien, le fr\u00e8re ain\u00e9 est un jeune agriculteur install\u00e9 depuis le 30\/04\/2023. Il a repris le troupeau laitier auparavant g\u00e9r\u00e9 par son p\u00e8re et son oncle et \u00e0 d\u00e9velopp\u00e9 le syst\u00e8me p\u00e2turant. Il a \u00e9galement d\u00e9cid\u00e9 de l&#8217;arr\u00eat de l&#8217;ensilage et de l&#8217;introduction de la race Jersaillaise dans le troupeau.<\/p>\n\n\n\n<p style=\"text-transform:none\">Passionn\u00e9 par les animaux depuis son plus jeune \u00e2ge, il est en charge de la gestion du troupeau au quotidien, mais \u00e9galement d&#8217;une partie des livraisons et de la promotion de nos produits! <\/p>\n\n\n\n<div style=\"height:31px\" aria-hidden=\"true\" class=\"wp-block-spacer\"><\/div>\n\n\n\n<h2 class=\"wp-block-heading\">Gr\u00e9gory<\/h2>\n\n\n\n<p style=\"text-transform:none\">Gr\u00e9gory, le fr\u00e8re cadet est en cours d&#8217;installation sur la ferme.<\/p>\n\n\n\n<p><\/p>\n\n\n\n<h2 class=\"wp-block-heading\">Yvette:<\/h2>\n\n\n\n<p><\/p>\n","protected":false},"excerpt":{"rendered":"<p>Nous sommes une entreprise familiale de trois personnes, deux associ\u00e9s Yvette et Julien et Gr\u00e9gory, en cours d&#8217;installation. Gr\u00e9gory et Julien sont fr\u00e8res, les fils d&#8217;Yvette. Julien Julien, le fr\u00e8re ain\u00e9 est un jeune agriculteur install\u00e9 depuis le 30\/04\/2023. Il a repris le troupeau laitier auparavant g\u00e9r\u00e9 par son p\u00e8re et son oncle et \u00e0 [&hellip;]<\/p>\n","protected":false},"author":1,"featured_media":0,"parent":0,"menu_order":0,"comment_status":"closed","ping_status":"closed","template":"","meta":{"om_disable_all_campaigns":false,"_monsterinsights_skip_tracking":false,"_monsterinsights_sitenote_active":false,"_monsterinsights_sitenote_note":"","_monsterinsights_sitenote_category":0,"footnotes":""},"aioseo_notices":[],"_links":{"self":[{"href":"https:\/\/lafermedespetiots.com\/index.php\/wp-json\/wp\/v2\/pages\/61"}],"collection":[{"href":"https:\/\/lafermedespetiots.com\/index.php\/wp-json\/wp\/v2\/pages"}],"about":[{"href":"https:\/\/lafermedespetiots.com\/index.php\/wp-json\/wp\/v2\/types\/page"}],"author":[{"embeddable":true,"href":"https:\/\/lafermedespetiots.com\/index.php\/wp-json\/wp\/v2\/users\/1"}],"replies":[{"embeddable":true,"href":"https:\/\/lafermedespetiots.com\/index.php\/wp-json\/wp\/v2\/comments?post=61"}],"version-history":[{"count":9,"href":"https:\/\/lafermedespetiots.com\/index.php\/wp-json\/wp\/v2\/pages\/61\/revisions"}],"predecessor-version":[{"id":99,"href":"https:\/\/lafermedespetiots.com\/index.php\/wp-json\/wp\/v2\/pages\/61\/revisions\/99"}],"wp:attachment":[{"href":"https:\/\/lafermedespetiots.com\/index.php\/wp-json\/wp\/v2\/media?parent=61"}],"curies":[{"name":"wp","href":"https:\/\/api.w.org\/{rel}","templated":true}]}}