{"id":44,"date":"2023-10-26T17:09:31","date_gmt":"2023-10-26T15:09:31","guid":{"rendered":"https:\/\/lafermedespetiots.com\/?page_id=44"},"modified":"2023-11-07T16:01:29","modified_gmt":"2023-11-07T15:01:29","slug":"notre-ferme","status":"publish","type":"page","link":"https:\/\/lafermedespetiots.com\/index.php\/notre-ferme\/","title":{"rendered":"Notre Ferme"},"content":{"rendered":"<div class=\"kb-row-layout-wrap kb-row-layout-id44_4bd619-8c alignfull kt-row-has-bg kt-jarallax wp-block-kadence-rowlayout\"><div class=\"kt-row-column-wrap kt-has-1-columns kt-row-layout-equal kt-tab-layout-inherit kt-mobile-layout-row kt-row-valign-top\">\n\n<div class=\"wp-block-kadence-column kadence-column44_b31a26-ee\"><div class=\"kt-inside-inner-col\"><\/div><\/div>\n\n<\/div><\/div>\n\n\n<h2 class=\"wp-block-heading\">La Mouline<\/h2>\n\n\n\n<div style=\"height:17px\" aria-hidden=\"true\" class=\"wp-block-spacer\"><\/div>\n\n\n\n<figure class=\"wp-block-image alignleft size-large is-resized\"><img fetchpriority=\"high\" decoding=\"async\" width=\"1024\" height=\"768\" src=\"https:\/\/lafermedespetiots-com.preview-domain.com\/wp-content\/uploads\/2023\/10\/IMG_6865-1024x768.jpeg\" alt=\"\" class=\"wp-image-46\" style=\"aspect-ratio:1.3333333333333333;object-fit:contain;width:545px;height:auto\" srcset=\"https:\/\/lafermedespetiots.com\/wp-content\/uploads\/2023\/10\/IMG_6865-1024x768.jpeg 1024w, https:\/\/lafermedespetiots.com\/wp-content\/uploads\/2023\/10\/IMG_6865-scaled-600x450.jpeg 600w, https:\/\/lafermedespetiots.com\/wp-content\/uploads\/2023\/10\/IMG_6865-300x225.jpeg 300w, https:\/\/lafermedespetiots.com\/wp-content\/uploads\/2023\/10\/IMG_6865-768x576.jpeg 768w, https:\/\/lafermedespetiots.com\/wp-content\/uploads\/2023\/10\/IMG_6865-1536x1152.jpeg 1536w, https:\/\/lafermedespetiots.com\/wp-content\/uploads\/2023\/10\/IMG_6865-2048x1536.jpeg 2048w\" sizes=\"(max-width: 1024px) 100vw, 1024px\" \/><figcaption class=\"wp-element-caption\"><em><mark style=\"background-color:#830606\" class=\"has-inline-color has-primary-color\">Fatale, notre vache retrait\u00e9e profite du soleil devant le moulin!<\/mark><\/em><\/figcaption><\/figure>\n\n\n\n<p class=\"has-text-align-left\" style=\"text-transform:none\">La Mouline, le vieux moulin familial \u00e9tait une ancienne forge du XIII\u00e8me si\u00e8cle que notre arri\u00e8re arri\u00e8re grand p\u00e8re \u00e0 r\u00e9nov\u00e9 il y a plus d&#8217;un si\u00e8cle. La ferme est situ\u00e9e \u00e0 proximit\u00e9 et nos b\u00eates p\u00e2turent autour de celui ci et de son \u00e9tang encore aujourd&#8217;hui. <\/p>\n\n\n\n<p style=\"text-transform:none\">A noter que notre logo est inspir\u00e9 du moulin qui donne son nom au lieu-dit sur lequel la ferme est situ\u00e9e!<\/p>\n\n\n\n<div style=\"height:17px\" aria-hidden=\"true\" class=\"wp-block-spacer\"><\/div>\n\n\n\n<h2 class=\"wp-block-heading\">Notre Troupeau<\/h2>\n\n\n\n<figure class=\"wp-block-image alignright size-large is-resized\"><img decoding=\"async\" width=\"768\" height=\"1024\" src=\"https:\/\/lafermedespetiots.com\/wp-content\/uploads\/2023\/10\/IMG_7692-768x1024.jpg\" alt=\"\" class=\"wp-image-53\" style=\"aspect-ratio:0.75;object-fit:contain;width:449px;height:auto\" srcset=\"https:\/\/lafermedespetiots.com\/wp-content\/uploads\/2023\/10\/IMG_7692-768x1024.jpg 768w, https:\/\/lafermedespetiots.com\/wp-content\/uploads\/2023\/10\/IMG_7692-scaled-600x800.jpg 600w, https:\/\/lafermedespetiots.com\/wp-content\/uploads\/2023\/10\/IMG_7692-225x300.jpg 225w, https:\/\/lafermedespetiots.com\/wp-content\/uploads\/2023\/10\/IMG_7692-1152x1536.jpg 1152w, https:\/\/lafermedespetiots.com\/wp-content\/uploads\/2023\/10\/IMG_7692-1536x2048.jpg 1536w, https:\/\/lafermedespetiots.com\/wp-content\/uploads\/2023\/10\/IMG_7692-scaled.jpg 1920w\" sizes=\"(max-width: 768px) 100vw, 768px\" \/><figcaption class=\"wp-element-caption\"><mark style=\"background-color:#830606\" class=\"has-inline-color has-primary-color\"><em>Niamh, la seconde jersaillaise n\u00e9e sur l&#8217;exploitation prend la pose pour le photographe.<\/em><\/mark><\/figcaption><\/figure>\n\n\n\n<p style=\"text-transform:none\">Notre troupeau est compos\u00e9 de 25 vaches laiti\u00e8res issues de trois races diff\u00e9rentes.<\/p>\n\n\n\n<p style=\"text-transform:none\">Les Prim&#8217;Holsteins, race historique de la ferme composent encore aujourd&#8217;hui la majorit\u00e9 du troupeau, soit 13 animaux adultes. Cette race poss\u00e8de des qualit\u00e9s ind\u00e9niables au regard de la production de yaourts, nous privil\u00e9gions la souche frisonne, plus rustique et adapt\u00e9e au climat local.<\/p>\n\n\n\n<p style=\"text-transform:none\">Les Brunes des alpes ont \u00e9t\u00e9 introduites en 2016 par notre p\u00e8re Didier, lors de notre conversion en agriculture biologique. il y a aujourd&#8217;hui 10 Brunes adultes au sein du troupeau et nous d\u00e9veloppons activement cette race, qui allie rusticit\u00e9 et adaptabilit\u00e9 au p\u00e2turage.<\/p>\n\n\n\n<p style=\"text-transform:none\">Enfin, nous avons introduit deux Jersaillaises dans le troupeau cet \u00e9t\u00e9! d&#8217;une nature docile et d&#8217;un gabarit plus petit, Tic et Tac produisent un lait riche en mati\u00e8re grasse et mati\u00e8re prot\u00e9ique, ce qui nous int\u00e9resse beaucoup pour la production de fromage!<\/p>\n\n\n\n<div style=\"height:100px\" aria-hidden=\"true\" class=\"wp-block-spacer\"><\/div>\n\n\n\n<h2 class=\"wp-block-heading\">Le choix du Bio<\/h2>\n\n\n\n<p style=\"text-transform:none\">La question du passage en Agriculture Biologique s&#8217;est pos\u00e9 au d\u00e9but de la d\u00e9cennie 2010 pour les associ\u00e9s de la ferme, \u00e0 l&#8217;\u00e9poque notre p\u00e8re Didier et notre oncle Patrick. <\/p>\n\n\n\n<p style=\"text-transform:none\">En effet, le hasard climatique et le contexte \u00e9conomique concernant la fili\u00e8re lait en France les a pouss\u00e9 \u00e0 repenser leur exploitation en profondeur. Guid\u00e9s par les pratiques qui d\u00e9j\u00e0 mises en place sur le troupeau allaitant, les associ\u00e9s ont simplifi\u00e9 peu \u00e0 peu le syst\u00e8me, r\u00e9duit la taille du troupeau avant de sauter le pas en 2016 pour que l&#8217;exploitation soit pleinement convertie en Agriculture Biologique en 2018.<\/p>\n\n\n\n<p style=\"text-transform:none\">Aujourd&#8217;hui, le label Bio correspond \u00e0 nos objectifs et nos pratiques et nous permet de faire valoir \u00e0 la fois la valeur de nos produits, de notre travail et de notre engagement vis \u00e0 vis<\/p>\n\n\n\n<h2 class=\"wp-block-heading\">L&#8217;alimentation de nos animaux<\/h2>\n\n\n\n<p style=\"text-transform:none\">Nous avons fait le pari du p\u00e2turage tournant pour alimenter notre troupeau. de ce fait, nos animaux sortent tous les jours de mars a d\u00e9cembre pour profiter de l&#8217;environnement de la ferme, d&#8217;herbe fraiche ainsi que du beau temps! <\/p>\n\n\n\n<p style=\"text-transform:none\">ce syst\u00e8me permet d&#8217;entretenir une v\u00e9ritable symbiose entre le sol et nos animaux. En effet, nos vaches entretiennent les prairies qu&#8217;elles p\u00e2turent, favorisent la vie de l&#8217;\u00e9cosyst\u00e8me via leurs d\u00e9jections qui viennent enrichir le sol en nutriment. De plus nous privil\u00e9gions les prairies \u00e0 rotation longue (5 a 7 ans) ce qui b\u00e9n\u00e9ficie \u00e9galement \u00e0 la microfaune du sol, qui peut se d\u00e9velopper sans intervention humaine.<\/p>\n\n\n\n<p style=\"text-transform:none\">Enfin nous rentrons nos vaches lorsque l&#8217;hiver est l\u00e0, et nous avons fait le choix de ne pas utiliser d&#8217;ensilage pour l&#8217;alimentation de nos vaches. Cette d\u00e9marche vise \u00e0 pr\u00e9server la qualit\u00e9 gustative de nos produits, mais \u00e9galement a am\u00e9liorer nos conditions de travail. <\/p>\n","protected":false},"excerpt":{"rendered":"<p>La Mouline La Mouline, le vieux moulin familial \u00e9tait une ancienne forge du XIII\u00e8me si\u00e8cle que notre arri\u00e8re arri\u00e8re grand p\u00e8re \u00e0 r\u00e9nov\u00e9 il y a plus d&#8217;un si\u00e8cle. La ferme est situ\u00e9e \u00e0 proximit\u00e9 et nos b\u00eates p\u00e2turent autour de celui ci et de son \u00e9tang encore aujourd&#8217;hui. A noter que notre logo est [&hellip;]<\/p>\n","protected":false},"author":1,"featured_media":0,"parent":0,"menu_order":0,"comment_status":"closed","ping_status":"closed","template":"","meta":{"om_disable_all_campaigns":false,"_monsterinsights_skip_tracking":false,"_monsterinsights_sitenote_active":false,"_monsterinsights_sitenote_note":"","_monsterinsights_sitenote_category":0,"footnotes":""},"aioseo_notices":[],"_links":{"self":[{"href":"https:\/\/lafermedespetiots.com\/index.php\/wp-json\/wp\/v2\/pages\/44"}],"collection":[{"href":"https:\/\/lafermedespetiots.com\/index.php\/wp-json\/wp\/v2\/pages"}],"about":[{"href":"https:\/\/lafermedespetiots.com\/index.php\/wp-json\/wp\/v2\/types\/page"}],"author":[{"embeddable":true,"href":"https:\/\/lafermedespetiots.com\/index.php\/wp-json\/wp\/v2\/users\/1"}],"replies":[{"embeddable":true,"href":"https:\/\/lafermedespetiots.com\/index.php\/wp-json\/wp\/v2\/comments?post=44"}],"version-history":[{"count":24,"href":"https:\/\/lafermedespetiots.com\/index.php\/wp-json\/wp\/v2\/pages\/44\/revisions"}],"predecessor-version":[{"id":196,"href":"https:\/\/lafermedespetiots.com\/index.php\/wp-json\/wp\/v2\/pages\/44\/revisions\/196"}],"wp:attachment":[{"href":"https:\/\/lafermedespetiots.com\/index.php\/wp-json\/wp\/v2\/media?parent=44"}],"curies":[{"name":"wp","href":"https:\/\/api.w.org\/{rel}","templated":true}]}}